{"id":2,"date":"2025-09-26T04:42:17","date_gmt":"2025-09-26T04:42:17","guid":{"rendered":"https:\/\/wpthoren.hocmaimai.com\/?page_id=2"},"modified":"2026-02-15T12:50:46","modified_gmt":"2026-02-15T12:50:46","slug":"sample-page","status":"publish","type":"page","link":"https:\/\/thorenbook.com\/ja\/","title":{"rendered":"Homepage"},"content":{"rendered":"<div data-elementor-type=\"wp-page\" data-elementor-id=\"2\" class=\"elementor elementor-2\" data-elementor-post-type=\"page\">\n\t\t\t\t<div class=\"elementor-element elementor-element-62ae7cec e-con-full e-flex e-con e-parent\" data-id=\"62ae7cec\" data-element_type=\"container\" data-e-type=\"container\">\n\t\t<div class=\"elementor-element elementor-element-f6513ba e-con-full e-flex e-con e-child\" data-id=\"f6513ba\" data-element_type=\"container\" data-e-type=\"container\">\n\t\t\t\t<\/div>\n\t\t<div class=\"elementor-element elementor-element-707215c e-con-full e-flex e-con e-child\" data-id=\"707215c\" data-element_type=\"container\" data-e-type=\"container\">\n\t\t\t\t<div class=\"elementor-element elementor-element-0d468f0 elementor-widget elementor-widget-heading\" data-id=\"0d468f0\" data-element_type=\"widget\" data-e-type=\"widget\" data-widget_type=\"heading.default\">\n\t\t\t\t\t<h2 class=\"elementor-heading-title elementor-size-default\">Th\u00eam ti\u00eau \u0111\u1ec1 c\u1ee7a b\u1ea1n \u1edf \u0111\u00e2y<\/h2>\t\t\t\t<\/div>\n\t\t\t\t<\/div>\n\t\t\t\t<\/div>\n\t\t<div class=\"elementor-element elementor-element-55c6811 e-con-full e-flex e-con e-parent\" data-id=\"55c6811\" data-element_type=\"container\" data-e-type=\"container\">\n\t\t<div class=\"elementor-element elementor-element-b5d37ee e-con-full e-flex e-con e-child\" data-id=\"b5d37ee\" data-element_type=\"container\" data-e-type=\"container\">\n\t\t<div class=\"elementor-element elementor-element-e2f210b e-con-full e-flex e-con e-child\" data-id=\"e2f210b\" data-element_type=\"container\" data-e-type=\"container\">\n\t\t<div class=\"elementor-element elementor-element-e1e58be e-con-full e-flex e-con e-child\" data-id=\"e1e58be\" data-element_type=\"container\" data-e-type=\"container\">\n\t\t\t\t<div class=\"elementor-element elementor-element-f9f682d elementor-widget__width-initial elementor-widget elementor-widget-heading\" data-id=\"f9f682d\" data-element_type=\"widget\" data-e-type=\"widget\" data-widget_type=\"heading.default\">\n\t\t\t\t\t<h2 class=\"elementor-heading-title elementor-size-default\">Podcasts<\/h2>\t\t\t\t<\/div>\n\t\t\t\t<div class=\"elementor-element elementor-element-f606d11 btn-explore elementor-widget elementor-widget-button\" data-id=\"f606d11\" data-element_type=\"widget\" data-e-type=\"widget\" data-widget_type=\"button.default\">\n\t\t\t\t\t\t\t\t\t\t<a class=\"elementor-button elementor-button-link elementor-size-sm\" href=\"#\">\n\t\t\t\t\t\t<span class=\"elementor-button-content-wrapper\">\n\t\t\t\t\t\t\t\t\t<span class=\"elementor-button-text\">\u8a73\u7d30\u3078<\/span>\n\t\t\t\t\t<\/span>\n\t\t\t\t\t<\/a>\n\t\t\t\t\t\t\t\t<\/div>\n\t\t\t\t<\/div>\n\t\t\t\t<\/div>\n\t\t<div class=\"elementor-element elementor-element-cbdf65b e-con-full e-flex e-con e-child\" data-id=\"cbdf65b\" data-element_type=\"container\" data-e-type=\"container\">\n\t\t\t\t<div class=\"elementor-element elementor-element-e6505e7 elementor-grid-3 elementor-grid-tablet-2 elementor-grid-mobile-1 elementor-widget elementor-widget-loop-grid\" data-id=\"e6505e7\" data-element_type=\"widget\" data-e-type=\"widget\" data-settings=\"{&quot;template_id&quot;:113,&quot;columns&quot;:3,&quot;_skin&quot;:&quot;post&quot;,&quot;columns_tablet&quot;:&quot;2&quot;,&quot;columns_mobile&quot;:&quot;1&quot;,&quot;edit_handle_selector&quot;:&quot;[data-elementor-type=\\&quot;loop-item\\&quot;]&quot;,&quot;row_gap&quot;:{&quot;unit&quot;:&quot;px&quot;,&quot;size&quot;:&quot;&quot;,&quot;sizes&quot;:[]},&quot;row_gap_tablet&quot;:{&quot;unit&quot;:&quot;px&quot;,&quot;size&quot;:&quot;&quot;,&quot;sizes&quot;:[]},&quot;row_gap_mobile&quot;:{&quot;unit&quot;:&quot;px&quot;,&quot;size&quot;:&quot;&quot;,&quot;sizes&quot;:[]}}\" data-widget_type=\"loop-grid.post\">\n\t\t\t\t<div class=\"elementor-widget-container\">\n\t\t\t\t\t\t\t<div class=\"elementor-loop-container elementor-grid\" role=\"list\">\r\n\t\t<style id=\"loop-113\">.elementor-113 .elementor-element.elementor-element-cfe2fb4{--display:flex;--gap:0px 0px;--row-gap:0px;--column-gap:0px;--border-radius:17px 17px 17px 17px;box-shadow:0px 0px 10px 0px rgba(0,0,0,0.5);--padding-top:30px;--padding-bottom:30px;--padding-left:30px;--padding-right:30px;}.elementor-113 .elementor-element.elementor-element-cfe2fb4:not(.elementor-motion-effects-element-type-background), .elementor-113 .elementor-element.elementor-element-cfe2fb4 > .elementor-motion-effects-container > .elementor-motion-effects-layer{background-color:#00577B;}.elementor-113 .elementor-element.elementor-element-83f5467{--display:flex;--flex-direction:column;--container-widget-width:100%;--container-widget-height:initial;--container-widget-flex-grow:0;--container-widget-align-self:initial;--flex-wrap-mobile:wrap;}.elementor-widget-theme-post-title .elementor-heading-title{font-family:var( --e-global-typography-primary-font-family ), Calistoga;font-size:var( --e-global-typography-primary-font-size );font-weight:var( --e-global-typography-primary-font-weight );line-height:var( --e-global-typography-primary-line-height );color:var( --e-global-color-primary );}.elementor-113 .elementor-element.elementor-element-247b63f{text-align:center;}.elementor-113 .elementor-element.elementor-element-247b63f .elementor-heading-title{font-family:\"Calistoga\", Calistoga;font-size:36px;font-weight:400;color:#FFFFFF;}.elementor-113 .elementor-element.elementor-element-f91160d{--display:flex;--justify-content:center;}.elementor-widget-image .widget-image-caption{color:var( --e-global-color-text );font-family:var( --e-global-typography-text-font-family ), Calistoga;font-size:var( --e-global-typography-text-font-size );font-weight:var( --e-global-typography-text-font-weight );line-height:var( --e-global-typography-text-line-height );}.elementor-113 .elementor-element.elementor-element-07c0d6d img{box-shadow:0px 0px 10px 0px rgba(0,0,0,0.5);}.elementor-113 .elementor-element.elementor-element-0b03a6a{--display:flex;}.elementor-widget-icon-list .elementor-icon-list-item:not(:last-child):after{border-color:var( --e-global-color-text );}.elementor-widget-icon-list .elementor-icon-list-icon i{color:var( --e-global-color-primary );}.elementor-widget-icon-list .elementor-icon-list-icon svg{fill:var( --e-global-color-primary );}.elementor-widget-icon-list .elementor-icon-list-item > .elementor-icon-list-text, .elementor-widget-icon-list .elementor-icon-list-item > a{font-family:var( --e-global-typography-text-font-family ), Calistoga;font-size:var( --e-global-typography-text-font-size );font-weight:var( --e-global-typography-text-font-weight );line-height:var( --e-global-typography-text-line-height );}.elementor-widget-icon-list .elementor-icon-list-text{color:var( --e-global-color-secondary );}.elementor-113 .elementor-element.elementor-element-4d74151 .elementor-icon-list-icon i{transition:color 0.3s;}.elementor-113 .elementor-element.elementor-element-4d74151 .elementor-icon-list-icon svg{transition:fill 0.3s;}.elementor-113 .elementor-element.elementor-element-4d74151{--e-icon-list-icon-size:14px;--icon-vertical-offset:0px;}.elementor-113 .elementor-element.elementor-element-4d74151 .elementor-icon-list-text{color:#FFFFFF;transition:color 0.3s;}.elementor-113 .elementor-element.elementor-element-548f69f{--display:flex;}.elementor-widget-button .elementor-button{font-family:var( --e-global-typography-accent-font-family ), Calistoga;font-size:var( --e-global-typography-accent-font-size );font-weight:var( --e-global-typography-accent-font-weight );line-height:var( --e-global-typography-accent-line-height );background-color:var( --e-global-color-accent );}.elementor-113 .elementor-element.elementor-element-e4dc0f3 .elementor-button-content-wrapper{flex-direction:row;}.elementor-113 .elementor-element.elementor-element-e4dc0f3 .elementor-button{fill:#000000;color:#000000;background-color:#FFFFFF;}@media(max-width:1024px){.elementor-widget-theme-post-title .elementor-heading-title{font-size:var( --e-global-typography-primary-font-size );line-height:var( --e-global-typography-primary-line-height );}.elementor-widget-image .widget-image-caption{font-size:var( --e-global-typography-text-font-size );line-height:var( --e-global-typography-text-line-height );}.elementor-widget-icon-list .elementor-icon-list-item > .elementor-icon-list-text, .elementor-widget-icon-list .elementor-icon-list-item > a{font-size:var( --e-global-typography-text-font-size );line-height:var( --e-global-typography-text-line-height );}.elementor-widget-button .elementor-button{font-size:var( --e-global-typography-accent-font-size );line-height:var( --e-global-typography-accent-line-height );}}@media(max-width:767px){.elementor-widget-theme-post-title .elementor-heading-title{font-size:var( --e-global-typography-primary-font-size );line-height:var( --e-global-typography-primary-line-height );}.elementor-widget-image .widget-image-caption{font-size:var( --e-global-typography-text-font-size );line-height:var( --e-global-typography-text-line-height );}.elementor-widget-icon-list .elementor-icon-list-item > .elementor-icon-list-text, .elementor-widget-icon-list .elementor-icon-list-item > a{font-size:var( --e-global-typography-text-font-size );line-height:var( --e-global-typography-text-line-height );}.elementor-widget-button .elementor-button{font-size:var( --e-global-typography-accent-font-size );line-height:var( --e-global-typography-accent-line-height );}}\/* Start custom CSS for container, class: .elementor-element-f91160d *\/\/* Container \u1ea3nh podcast card *\/\n.elementor-element-07c0d6d img {\n  width: 150px;          \/* ch\u1ec9nh k\u00edch th\u01b0\u1edbc mong mu\u1ed1n *\/\n  height: 150px;\n  border-radius: 50%;    \/* bo tr\u00f2n *\/\n  object-fit: cover;     \/* co v\u1eeba khung, kh\u00f4ng m\u00e9o *\/\n  object-position: center; \/* l\u1ea5y t\u00e2m \u1ea3nh *\/\n  display: block;\n  margin: 0 auto;        \/* canh gi\u1eefa *\/\n}\/* End custom CSS *\/<\/style>\t\t<div data-elementor-type=\"loop-item\" data-elementor-id=\"113\" class=\"elementor elementor-113 e-loop-item e-loop-item-79 post-79 podcast_series type-podcast_series status-publish has-post-thumbnail hentry podcast-category-book-talk podcast_status-dang-tien-hanh\" data-elementor-post-type=\"elementor_library\" data-custom-edit-handle=\"1\">\r\n\t\t\t<div class=\"elementor-element elementor-element-cfe2fb4 podcard e-flex e-con-boxed e-con e-parent\" data-id=\"cfe2fb4\" data-element_type=\"container\" data-e-type=\"container\" data-settings=\"{&quot;background_background&quot;:&quot;classic&quot;}\">\n\t\t\t\t\t<div class=\"e-con-inner\">\n\t\t<div class=\"elementor-element elementor-element-83f5467 e-con-full e-flex e-con e-child\" data-id=\"83f5467\" data-element_type=\"container\" data-e-type=\"container\">\n\t\t\t\t<div class=\"elementor-element elementor-element-247b63f elementor-widget elementor-widget-theme-post-title elementor-page-title elementor-widget-heading\" data-id=\"247b63f\" data-element_type=\"widget\" data-e-type=\"widget\" data-widget_type=\"theme-post-title.default\">\n\t\t\t\t\t<h1 class=\"elementor-heading-title elementor-size-default\">Gi\u1ea3i quy\u1ebft v\u1ea5n \u0111\u00e8 &#8211; \u554f\u984c\u89e3\u6c7a<\/h1>\t\t\t\t<\/div>\n\t\t\t\t<\/div>\n\t\t<div class=\"elementor-element elementor-element-f91160d e-con-full e-flex e-con e-child\" data-id=\"f91160d\" data-element_type=\"container\" data-e-type=\"container\">\n\t\t\t\t<div class=\"elementor-element elementor-element-07c0d6d elementor-widget elementor-widget-image\" data-id=\"07c0d6d\" data-element_type=\"widget\" data-e-type=\"widget\" data-widget_type=\"image.default\">\n\t\t\t\t\t\t\t\t\t\t\t\t\t\t\t<img fetchpriority=\"high\" decoding=\"async\" width=\"800\" height=\"800\" src=\"https:\/\/thorenbook.com\/wp-content\/uploads\/2025\/09\/\u554f\u984c\u89e3\u6c7a_Podcast-e1768136012129.png\" class=\"attachment-large size-large wp-image-4469\" alt=\"\" \/>\t\t\t\t\t\t\t\t\t\t\t\t\t\t\t<\/div>\n\t\t\t\t<\/div>\n\t\t<div class=\"elementor-element elementor-element-0b03a6a e-con-full e-flex e-con e-child\" data-id=\"0b03a6a\" data-element_type=\"container\" data-e-type=\"container\">\n\t\t\t\t<div class=\"elementor-element elementor-element-4d74151 elementor-icon-list--layout-traditional elementor-list-item-link-full_width elementor-widget elementor-widget-icon-list\" data-id=\"4d74151\" data-element_type=\"widget\" data-e-type=\"widget\" data-widget_type=\"icon-list.default\">\n\t\t\t\t\t\t\t<ul class=\"elementor-icon-list-items\">\n\t\t\t\t\t\t\t<li class=\"elementor-icon-list-item\">\n\t\t\t\t\t\t\t\t\t\t<span class=\"elementor-icon-list-text\">Ng\u00e0y xu\u1ea5t b\u1ea3n: 05\/09\/2025<\/span>\n\t\t\t\t\t\t\t\t\t<\/li>\n\t\t\t\t\t\t\t\t<li class=\"elementor-icon-list-item\">\n\t\t\t\t\t\t\t\t\t\t<span class=\"elementor-icon-list-text\">Host: Th\u1ee3 r\u00e8n<\/span>\n\t\t\t\t\t\t\t\t\t<\/li>\n\t\t\t\t\t\t\t\t<li class=\"elementor-icon-list-item\">\n\t\t\t\t\t\t\t\t\t\t<span class=\"elementor-icon-list-text\">T\u00e1c gi\u1ea3: Th\u1ee3 r\u00e8n <\/span>\n\t\t\t\t\t\t\t\t\t<\/li>\n\t\t\t\t\t\t<\/ul>\n\t\t\t\t\t\t<\/div>\n\t\t\t\t<\/div>\n\t\t<div class=\"elementor-element elementor-element-548f69f e-con-full e-flex e-con e-child\" data-id=\"548f69f\" data-element_type=\"container\" data-e-type=\"container\">\n\t\t\t\t<div class=\"elementor-element elementor-element-e4dc0f3 elementor-align-center podcard-btn elementor-widget elementor-widget-button\" data-id=\"e4dc0f3\" data-element_type=\"widget\" data-e-type=\"widget\" data-widget_type=\"button.default\">\n\t\t\t\t\t\t\t\t\t\t<a class=\"elementor-button elementor-button-link elementor-size-sm\" href=\"https:\/\/thorenbook.com\/ja\/podcast_series\/ke-cho-toi-nghe\/\">\n\t\t\t\t\t\t<span class=\"elementor-button-content-wrapper\">\n\t\t\t\t\t\t<span class=\"elementor-button-icon\">\n\t\t\t\t<svg aria-hidden=\"true\" class=\"e-font-icon-svg e-fas-play\" viewbox=\"0 0 448 512\" xmlns=\"http:\/\/www.w3.org\/2000\/svg\"><path d=\"M424.4 214.7L72.4 6.6C43.8-10.3 0 6.1 0 47.9V464c0 37.5 40.7 60.1 72.4 41.3l352-208c31.4-18.5 31.5-64.1 0-82.6z\"><\/path><\/svg>\t\t\t<\/span>\n\t\t\t\t\t\t\t\t\t<span class=\"elementor-button-text\">V\u00e0o nghe ngay<\/span>\n\t\t\t\t\t<\/span>\n\t\t\t\t\t<\/a>\n\t\t\t\t\t\t\t\t<\/div>\n\t\t\t\t<\/div>\n\t\t\t\t\t<\/div>\n\t\t\t\t<\/div>\n\t\t\t\t<\/div>\r\n\t\t\t\t<\/div>\r\n\t\t\r\n\t\t\t\t\t\t<\/div>\n\t\t\t\t<\/div>\n\t\t\t\t<\/div>\n\t\t\t\t<\/div>\n\t\t\t\t<\/div>\n\t\t<div class=\"elementor-element elementor-element-7b107ea e-con-full e-flex e-con e-parent\" data-id=\"7b107ea\" data-element_type=\"container\" data-e-type=\"container\">\n\t\t<div class=\"elementor-element elementor-element-388ddfc e-con-full e-flex e-con e-child\" data-id=\"388ddfc\" data-element_type=\"container\" data-e-type=\"container\">\n\t\t<div class=\"elementor-element elementor-element-2f9e16d e-con-full e-flex e-con e-child\" data-id=\"2f9e16d\" data-element_type=\"container\" data-e-type=\"container\">\n\t\t<div class=\"elementor-element elementor-element-4fac5ab e-con-full e-flex e-con e-child\" data-id=\"4fac5ab\" data-element_type=\"container\" data-e-type=\"container\">\n\t\t\t\t<div class=\"elementor-element elementor-element-a401a18 elementor-widget__width-initial elementor-widget elementor-widget-heading\" data-id=\"a401a18\" data-element_type=\"widget\" data-e-type=\"widget\" data-widget_type=\"heading.default\">\n\t\t\t\t\t<h2 class=\"elementor-heading-title elementor-size-default\">About us<\/h2>\t\t\t\t<\/div>\n\t\t\t\t<\/div>\n\t\t\t\t<\/div>\n\t\t<div class=\"elementor-element elementor-element-4933688 e-con-full e-flex e-con e-child\" data-id=\"4933688\" data-element_type=\"container\" data-e-type=\"container\" data-settings=\"{&quot;background_background&quot;:&quot;gradient&quot;}\">\n\t\t<div class=\"elementor-element elementor-element-be441dc e-con-full e-flex e-con e-child\" data-id=\"be441dc\" data-element_type=\"container\" data-e-type=\"container\">\n\t\t\t\t<div class=\"elementor-element elementor-element-6bb2d44 elementor-widget elementor-widget-image\" data-id=\"6bb2d44\" data-element_type=\"widget\" data-e-type=\"widget\" data-widget_type=\"image.default\">\n\t\t\t\t\t\t\t\t\t\t\t\t\t\t\t<img decoding=\"async\" src=\"https:\/\/thorenbook.com\/wp-content\/plugins\/elementor\/assets\/images\/placeholder.png\" title=\"\" alt=\"\" loading=\"lazy\" \/>\t\t\t\t\t\t\t\t\t\t\t\t\t\t\t<\/div>\n\t\t\t\t<\/div>\n\t\t<div class=\"elementor-element elementor-element-9490cca e-con-full e-flex e-con e-child\" data-id=\"9490cca\" data-element_type=\"container\" data-e-type=\"container\">\n\t\t\t\t<div class=\"elementor-element elementor-element-dece0a2 elementor-widget elementor-widget-text-editor\" data-id=\"dece0a2\" data-element_type=\"widget\" data-e-type=\"widget\" data-widget_type=\"text-editor.default\">\n\t\t\t\t\t\t\t\t\t<p><strong>Th\u1ee3 R\u00e8n Books<\/strong> l\u00e0 m\u1ed9t t\u1eadp h\u1ee3p nh\u1eefng ng\u01b0\u1eddi vi\u1ebft, d\u1ecbch v\u00e0 k\u1ec3 chuy\u1ec7n, c\u00f9ng chung mong mu\u1ed1n x\u00e2y d\u1ef1ng nh\u1ecbp c\u1ea7u v\u0103n h\u00f3a gi\u1eefa Vi\u1ec7t Nam v\u00e0 Nh\u1eadt B\u1ea3n. M\u1ed7i cu\u1ed1n s\u00e1ch do Th\u1ee3 R\u00e8n Books mang \u0111\u1ebfn kh\u00f4ng ch\u1ec9 l\u00e0 tri th\u1ee9c, m\u00e0 c\u00f2n l\u00e0 nh\u1eefng tr\u1ea3i nghi\u1ec7m s\u00e2u s\u1eafc, g\u00f3p ph\u1ea7n k\u1ebft n\u1ed1i con ng\u01b0\u1eddi hai \u0111\u1ea5t n\u01b0\u1edbc qua ng\u00f4n t\u1eeb v\u00e0 c\u00e2u chuy\u1ec7n.<\/p>\t\t\t\t\t\t\t\t<\/div>\n\t\t\t\t<div class=\"elementor-element elementor-element-422e67d elementor-align-center elementor-widget elementor-widget-button\" data-id=\"422e67d\" data-element_type=\"widget\" data-e-type=\"widget\" data-widget_type=\"button.default\">\n\t\t\t\t\t\t\t\t\t\t<a class=\"elementor-button elementor-button-link elementor-size-sm\" href=\"#\">\n\t\t\t\t\t\t<span class=\"elementor-button-content-wrapper\">\n\t\t\t\t\t\t\t\t\t<span class=\"elementor-button-text\">\u3055\u3089\u306b\u8868\u793a<\/span>\n\t\t\t\t\t<\/span>\n\t\t\t\t\t<\/a>\n\t\t\t\t\t\t\t\t<\/div>\n\t\t\t\t<\/div>\n\t\t\t\t<\/div>\n\t\t\t\t<\/div>\n\t\t\t\t<\/div>\n\t\t\t\t<\/div>","protected":false},"excerpt":{"rendered":"<p>Th\u00eam ti\u00eau \u0111\u1ec1 c\u1ee7a b\u1ea1n \u1edf \u0111\u00e2y Podcasts Kh\u00e1m ph\u00e1 V\u1ec1 ch\u00fang t\u00f4i Th\u1ee3 R\u00e8n Books l\u00e0 m\u1ed9t t\u1eadp h\u1ee3p nh\u1eefng ng\u01b0\u1eddi vi\u1ebft, d\u1ecbch v\u00e0 k\u1ec3 chuy\u1ec7n, c\u00f9ng chung mong mu\u1ed1n x\u00e2y d\u1ef1ng nh\u1ecbp c\u1ea7u v\u0103n h\u00f3a gi\u1eefa Vi\u1ec7t Nam v\u00e0 Nh\u1eadt B\u1ea3n. M\u1ed7i cu\u1ed1n s\u00e1ch do Th\u1ee3 R\u00e8n Books mang \u0111\u1ebfn kh\u00f4ng ch\u1ec9 l\u00e0 tri th\u1ee9c, m\u00e0 c\u00f2n l\u00e0 nh\u1eefng tr\u1ea3i nghi\u1ec7m s\u00e2u s\u1eafc, g\u00f3p ph\u1ea7n k\u1ebft n\u1ed1i con ng\u01b0\u1eddi hai \u0111\u1ea5t n\u01b0\u1edbc qua ng\u00f4n t\u1eeb v\u00e0 c\u00e2u chuy\u1ec7n. Xem th\u00eam<\/p>","protected":false},"author":1,"featured_media":0,"parent":0,"menu_order":0,"comment_status":"closed","ping_status":"open","template":"","meta":{"_acf_changed":false,"footnotes":""},"class_list":["post-2","page","type-page","status-publish","hentry"],"acf":[],"_links":{"self":[{"href":"https:\/\/thorenbook.com\/ja\/wp-json\/wp\/v2\/pages\/2","targetHints":{"allow":["GET"]}}],"collection":[{"href":"https:\/\/thorenbook.com\/ja\/wp-json\/wp\/v2\/pages"}],"about":[{"href":"https:\/\/thorenbook.com\/ja\/wp-json\/wp\/v2\/types\/page"}],"author":[{"embeddable":true,"href":"https:\/\/thorenbook.com\/ja\/wp-json\/wp\/v2\/users\/1"}],"replies":[{"embeddable":true,"href":"https:\/\/thorenbook.com\/ja\/wp-json\/wp\/v2\/comments?post=2"}],"version-history":[{"count":67,"href":"https:\/\/thorenbook.com\/ja\/wp-json\/wp\/v2\/pages\/2\/revisions"}],"predecessor-version":[{"id":4683,"href":"https:\/\/thorenbook.com\/ja\/wp-json\/wp\/v2\/pages\/2\/revisions\/4683"}],"wp:attachment":[{"href":"https:\/\/thorenbook.com\/ja\/wp-json\/wp\/v2\/media?parent=2"}],"curies":[{"name":"wp","href":"https:\/\/api.w.org\/{rel}","templated":true}]}}